{"id":2843,"date":"2025-11-12T13:14:03","date_gmt":"2025-11-12T12:14:03","guid":{"rendered":"https:\/\/bodegasbauza.com\/politica-de-privacidad\/"},"modified":"2026-03-31T10:20:50","modified_gmt":"2026-03-31T08:20:50","slug":"politica-de-privacidad","status":"publish","type":"page","link":"https:\/\/bodegasbauza.com\/eu\/politica-de-privacidad\/","title":{"rendered":"Pol\u00edtica de privacidad"},"content":{"rendered":"<div class=\"wpb-content-wrapper\"><p>[vc_row][vc_column][vc_column_text css=&#8221;&#8221;]<\/p>\n<ul>\n<li aria-level=\"1\">\n<h1><b>Pol\u00edticas de privacidad<\/b><\/h1>\n<\/li>\n<\/ul>\n<p><span style=\"font-weight: 400;\">Los Clientes y Usuarios se comprometen a navegar por la p\u00e1gina web y a utilizar su contenido de buena fe.<\/span><\/p>\n<p><span style=\"font-weight: 400;\">En cumplimiento de lo establecido en la Ley Org\u00e1nica 15\/1999, de Protecci\u00f3n de Datos de Car\u00e1cter Personal, se informa que la cumplimentaci\u00f3n de cualquier formulario existente en <\/span><a href=\"https:\/\/bodegasbauza.com\/eu\/\"><span style=\"font-weight: 400;\">https:\/\/bodegasbauza.com<\/span><\/a><span style=\"font-weight: 400;\"> o el env\u00edo de un correo electr\u00f3nico a cualquiera de nuestros buzones implica la aceptaci\u00f3n de esta pol\u00edtica de privacidad, as\u00ed como la autorizaci\u00f3n a <\/span><b>BODEGAS BAUZA S.L.<\/b><span style=\"font-weight: 400;\"> para tratar los datos personales facilitados, que ser\u00e1n incorporados al fichero de titularidad de dichas empresas, inscrito en el Registro General de la Agencia Espa\u00f1ola de Protecci\u00f3n de Datos.<\/span><\/p>\n<p><span style=\"font-weight: 400;\">Los datos de los Clientes ser\u00e1n utilizados para el env\u00edo de comunicaciones comerciales relativas a las ventas realizadas y para la entrega de los productos.<\/span><span style=\"font-weight: 400;\"><br \/><\/span><span style=\"font-weight: 400;\">Por la mera visita a la Web, los Usuarios no facilitan informaci\u00f3n personal alguna ni quedan obligados a proporcionarla.<\/span><\/p>\n<p><span style=\"font-weight: 400;\">Se garantiza la m\u00e1xima reserva y confidencialidad sobre la informaci\u00f3n facilitada, utiliz\u00e1ndola \u00fanicamente para los fines indicados. Se presume que los datos han sido introducidos por su titular o por persona autorizada, siendo correctos y exactos.<\/span><\/p>\n<p><span style=\"font-weight: 400;\">El Cliente es responsable de la veracidad de sus datos, y <\/span><b>BODEGAS BAUZA S.L.<\/b><span style=\"font-weight: 400;\"> no se responsabilizan por eventuales inexactitudes. Conforme a la legislaci\u00f3n vigente en materia de protecci\u00f3n de datos, se han adoptado medidas de seguridad adecuadas para evitar p\u00e9rdida, mal uso, alteraci\u00f3n, acceso no autorizado o extracci\u00f3n de la informaci\u00f3n.<\/span><\/p>\n<p>&nbsp;<\/p>\n<p>[\/vc_column_text][\/vc_column][\/vc_row]<\/p>\n<\/div>","protected":false},"excerpt":{"rendered":"<p>[vc_row][vc_column][vc_column_text css=&#8221;&#8221;] Pol\u00edticas de privacidad Los Clientes y Usuarios se comprometen a navegar por la p\u00e1gina web y a utilizar su contenido de buena fe. En cumplimiento de lo establecido en la Ley Org\u00e1nica 15\/1999, de Protecci\u00f3n de Datos de Car\u00e1cter Personal, se informa que la cumplimentaci\u00f3n de cualquier formulario existente en https:\/\/bodegasbauza.com o el&hellip;<\/p>\n","protected":false},"author":1,"featured_media":0,"parent":0,"menu_order":0,"comment_status":"closed","ping_status":"open","template":"","meta":{"footnotes":""},"class_list":["post-2843","page","type-page","status-publish","hentry","description-off"],"yoast_head":"<!-- This site is optimized with the Yoast SEO plugin v27.2 - https:\/\/yoast.com\/product\/yoast-seo-wordpress\/ -->\n<title>Pol\u00edtica de privacidad - Bodegas Bauza<\/title>\n<meta name=\"robots\" content=\"index, follow, max-snippet:-1, max-image-preview:large, max-video-preview:-1\" \/>\n<link rel=\"canonical\" href=\"https:\/\/bodegasbauza.com\/eu\/politica-de-privacidad\/\" \/>\n<meta property=\"og:locale\" content=\"en_US\" \/>\n<meta property=\"og:type\" content=\"article\" \/>\n<meta property=\"og:title\" content=\"Pol\u00edtica de privacidad - Bodegas Bauza\" \/>\n<meta property=\"og:description\" content=\"[vc_row][vc_column][vc_column_text css=&#8221;&#8221;] Pol\u00edticas de privacidad Los Clientes y Usuarios se comprometen a navegar por la p\u00e1gina web y a utilizar su contenido de buena fe. En cumplimiento de lo establecido en la Ley Org\u00e1nica 15\/1999, de Protecci\u00f3n de Datos de Car\u00e1cter Personal, se informa que la cumplimentaci\u00f3n de cualquier formulario existente en https:\/\/bodegasbauza.com o el&hellip;\" \/>\n<meta property=\"og:url\" content=\"https:\/\/bodegasbauza.com\/eu\/politica-de-privacidad\/\" \/>\n<meta property=\"og:site_name\" content=\"Bodegas Bauza\" \/>\n<meta property=\"article:publisher\" content=\"https:\/\/www.facebook.com\/profile.php?id=100063796290610\" \/>\n<meta property=\"article:modified_time\" content=\"2026-03-31T08:20:50+00:00\" \/>\n<meta name=\"twitter:card\" content=\"summary_large_image\" \/>\n<meta name=\"twitter:label1\" content=\"Est. reading time\" \/>\n\t<meta name=\"twitter:data1\" content=\"1 minutua\" \/>\n<script type=\"application\/ld+json\" class=\"yoast-schema-graph\">{\"@context\":\"https:\/\/schema.org\",\"@graph\":[{\"@type\":\"WebPage\",\"@id\":\"https:\/\/bodegasbauza.com\/eu\/politica-de-privacidad\/\",\"url\":\"https:\/\/bodegasbauza.com\/eu\/politica-de-privacidad\/\",\"name\":\"Pol\u00edtica de privacidad - Bodegas Bauza\",\"isPartOf\":{\"@id\":\"https:\/\/bodegasbauza.com\/eu\/#website\"},\"datePublished\":\"2025-11-12T12:14:03+00:00\",\"dateModified\":\"2026-03-31T08:20:50+00:00\",\"breadcrumb\":{\"@id\":\"https:\/\/bodegasbauza.com\/eu\/politica-de-privacidad\/#breadcrumb\"},\"inLanguage\":\"eu\",\"potentialAction\":[{\"@type\":\"ReadAction\",\"target\":[\"https:\/\/bodegasbauza.com\/eu\/politica-de-privacidad\/\"]}]},{\"@type\":\"BreadcrumbList\",\"@id\":\"https:\/\/bodegasbauza.com\/eu\/politica-de-privacidad\/#breadcrumb\",\"itemListElement\":[{\"@type\":\"ListItem\",\"position\":1,\"name\":\"Portada\",\"item\":\"https:\/\/bodegasbauza.com\/eu\/hasiera\/\"},{\"@type\":\"ListItem\",\"position\":2,\"name\":\"Pol\u00edtica de privacidad\"}]},{\"@type\":\"WebSite\",\"@id\":\"https:\/\/bodegasbauza.com\/eu\/#website\",\"url\":\"https:\/\/bodegasbauza.com\/eu\/\",\"name\":\"Bodegas Bauza\",\"description\":\"Tradici\u00f3n familiar en Elciego\",\"publisher\":{\"@id\":\"https:\/\/bodegasbauza.com\/eu\/#organization\"},\"potentialAction\":[{\"@type\":\"SearchAction\",\"target\":{\"@type\":\"EntryPoint\",\"urlTemplate\":\"https:\/\/bodegasbauza.com\/eu\/?s={search_term_string}\"},\"query-input\":{\"@type\":\"PropertyValueSpecification\",\"valueRequired\":true,\"valueName\":\"search_term_string\"}}],\"inLanguage\":\"eu\"},{\"@type\":\"Organization\",\"@id\":\"https:\/\/bodegasbauza.com\/eu\/#organization\",\"name\":\"Bodegas Bauza\",\"url\":\"https:\/\/bodegasbauza.com\/eu\/\",\"logo\":{\"@type\":\"ImageObject\",\"inLanguage\":\"eu\",\"@id\":\"https:\/\/bodegasbauza.com\/eu\/#\/schema\/logo\/image\/\",\"url\":\"https:\/\/bodegasbauza.com\/wp-content\/uploads\/2026\/01\/logo-bauza-400x400-1.png\",\"contentUrl\":\"https:\/\/bodegasbauza.com\/wp-content\/uploads\/2026\/01\/logo-bauza-400x400-1.png\",\"width\":400,\"height\":400,\"caption\":\"Bodegas Bauza\"},\"image\":{\"@id\":\"https:\/\/bodegasbauza.com\/eu\/#\/schema\/logo\/image\/\"},\"sameAs\":[\"https:\/\/www.facebook.com\/profile.php?id=100063796290610\",\"https:\/\/www.instagram.com\/bodegasbauza\"]}]}<\/script>\n<!-- \/ Yoast SEO plugin. -->","yoast_head_json":{"title":"Pol\u00edtica de privacidad - Bodegas Bauza","robots":{"index":"index","follow":"follow","max-snippet":"max-snippet:-1","max-image-preview":"max-image-preview:large","max-video-preview":"max-video-preview:-1"},"canonical":"https:\/\/bodegasbauza.com\/eu\/politica-de-privacidad\/","og_locale":"en_US","og_type":"article","og_title":"Pol\u00edtica de privacidad - Bodegas Bauza","og_description":"[vc_row][vc_column][vc_column_text css=&#8221;&#8221;] Pol\u00edticas de privacidad Los Clientes y Usuarios se comprometen a navegar por la p\u00e1gina web y a utilizar su contenido de buena fe. En cumplimiento de lo establecido en la Ley Org\u00e1nica 15\/1999, de Protecci\u00f3n de Datos de Car\u00e1cter Personal, se informa que la cumplimentaci\u00f3n de cualquier formulario existente en https:\/\/bodegasbauza.com o el&hellip;","og_url":"https:\/\/bodegasbauza.com\/eu\/politica-de-privacidad\/","og_site_name":"Bodegas Bauza","article_publisher":"https:\/\/www.facebook.com\/profile.php?id=100063796290610","article_modified_time":"2026-03-31T08:20:50+00:00","twitter_card":"summary_large_image","twitter_misc":{"Est. reading time":"1 minutua"},"schema":{"@context":"https:\/\/schema.org","@graph":[{"@type":"WebPage","@id":"https:\/\/bodegasbauza.com\/eu\/politica-de-privacidad\/","url":"https:\/\/bodegasbauza.com\/eu\/politica-de-privacidad\/","name":"Pol\u00edtica de privacidad - Bodegas Bauza","isPartOf":{"@id":"https:\/\/bodegasbauza.com\/eu\/#website"},"datePublished":"2025-11-12T12:14:03+00:00","dateModified":"2026-03-31T08:20:50+00:00","breadcrumb":{"@id":"https:\/\/bodegasbauza.com\/eu\/politica-de-privacidad\/#breadcrumb"},"inLanguage":"eu","potentialAction":[{"@type":"ReadAction","target":["https:\/\/bodegasbauza.com\/eu\/politica-de-privacidad\/"]}]},{"@type":"BreadcrumbList","@id":"https:\/\/bodegasbauza.com\/eu\/politica-de-privacidad\/#breadcrumb","itemListElement":[{"@type":"ListItem","position":1,"name":"Portada","item":"https:\/\/bodegasbauza.com\/eu\/hasiera\/"},{"@type":"ListItem","position":2,"name":"Pol\u00edtica de privacidad"}]},{"@type":"WebSite","@id":"https:\/\/bodegasbauza.com\/eu\/#website","url":"https:\/\/bodegasbauza.com\/eu\/","name":"Bodegas Bauza","description":"Tradici\u00f3n familiar en Elciego","publisher":{"@id":"https:\/\/bodegasbauza.com\/eu\/#organization"},"potentialAction":[{"@type":"SearchAction","target":{"@type":"EntryPoint","urlTemplate":"https:\/\/bodegasbauza.com\/eu\/?s={search_term_string}"},"query-input":{"@type":"PropertyValueSpecification","valueRequired":true,"valueName":"search_term_string"}}],"inLanguage":"eu"},{"@type":"Organization","@id":"https:\/\/bodegasbauza.com\/eu\/#organization","name":"Bodegas Bauza","url":"https:\/\/bodegasbauza.com\/eu\/","logo":{"@type":"ImageObject","inLanguage":"eu","@id":"https:\/\/bodegasbauza.com\/eu\/#\/schema\/logo\/image\/","url":"https:\/\/bodegasbauza.com\/wp-content\/uploads\/2026\/01\/logo-bauza-400x400-1.png","contentUrl":"https:\/\/bodegasbauza.com\/wp-content\/uploads\/2026\/01\/logo-bauza-400x400-1.png","width":400,"height":400,"caption":"Bodegas Bauza"},"image":{"@id":"https:\/\/bodegasbauza.com\/eu\/#\/schema\/logo\/image\/"},"sameAs":["https:\/\/www.facebook.com\/profile.php?id=100063796290610","https:\/\/www.instagram.com\/bodegasbauza"]}]}},"_links":{"self":[{"href":"https:\/\/bodegasbauza.com\/eu\/wp-json\/wp\/v2\/pages\/2843","targetHints":{"allow":["GET"]}}],"collection":[{"href":"https:\/\/bodegasbauza.com\/eu\/wp-json\/wp\/v2\/pages"}],"about":[{"href":"https:\/\/bodegasbauza.com\/eu\/wp-json\/wp\/v2\/types\/page"}],"author":[{"embeddable":true,"href":"https:\/\/bodegasbauza.com\/eu\/wp-json\/wp\/v2\/users\/1"}],"replies":[{"embeddable":true,"href":"https:\/\/bodegasbauza.com\/eu\/wp-json\/wp\/v2\/comments?post=2843"}],"version-history":[{"count":2,"href":"https:\/\/bodegasbauza.com\/eu\/wp-json\/wp\/v2\/pages\/2843\/revisions"}],"predecessor-version":[{"id":2845,"href":"https:\/\/bodegasbauza.com\/eu\/wp-json\/wp\/v2\/pages\/2843\/revisions\/2845"}],"wp:attachment":[{"href":"https:\/\/bodegasbauza.com\/eu\/wp-json\/wp\/v2\/media?parent=2843"}],"curies":[{"name":"wp","href":"https:\/\/api.w.org\/{rel}","templated":true}]}}